{"id":7395,"date":"2025-03-16T15:36:31","date_gmt":"2025-03-16T11:36:31","guid":{"rendered":"https:\/\/b2b-armangroup.com\/product\/sweet-strawberry-flavored-sticks-85g\/"},"modified":"2026-04-07T13:41:58","modified_gmt":"2026-04-07T09:41:58","slug":"sweet-strawberry-flavored-sticks-85g","status":"publish","type":"product","link":"https:\/\/b2b-armangroup.com\/fr\/produit\/sweet-strawberry-flavored-sticks-85g\/","title":{"rendered":"Apache \u2014 B\u00e2tonnets de ma\u00efs sucr\u00e9s \u00e0 la fraise 85 g"},"content":{"rendered":"","protected":false},"excerpt":{"rendered":"<p class=\"p1\">Apache B\u00e2tonnets de ma\u00efs sucr\u00e9s \u00e0 la fraise 85 g. Croustillants et l\u00e9g\u00e8rement sucr\u00e9s, ces b\u00e2tonnets de ma\u00efs \u00e0 la saveur de fraise m\u00fbre sont parfaits pour une pause fruit\u00e9e et gourmande. Un encas joyeux pour les enfants et les amateurs de douceurs l\u00e9g\u00e8res.<\/p>\n<p>0,55 \u20ac<\/p>","protected":false},"featured_media":14801,"comment_status":"open","ping_status":"closed","template":"","meta":{"_acf_changed":false},"product_brand":[],"product_cat":[174,226,218],"product_tag":[],"class_list":{"0":"post-7395","1":"product","2":"type-product","3":"status-publish","4":"has-post-thumbnail","6":"product_cat-all-collections","7":"product_cat-sweet-sticks","8":"product_cat-sweets","10":"first","11":"outofstock","12":"shipping-taxable","13":"purchasable","14":"product-type-variable","15":"wvs-archive-product-wrapper"},"acf":[],"_links":{"self":[{"href":"https:\/\/b2b-armangroup.com\/fr\/wp-json\/wp\/v2\/product\/7395","targetHints":{"allow":["GET"]}}],"collection":[{"href":"https:\/\/b2b-armangroup.com\/fr\/wp-json\/wp\/v2\/product"}],"about":[{"href":"https:\/\/b2b-armangroup.com\/fr\/wp-json\/wp\/v2\/types\/product"}],"replies":[{"embeddable":true,"href":"https:\/\/b2b-armangroup.com\/fr\/wp-json\/wp\/v2\/comments?post=7395"}],"version-history":[{"count":5,"href":"https:\/\/b2b-armangroup.com\/fr\/wp-json\/wp\/v2\/product\/7395\/revisions"}],"predecessor-version":[{"id":13689,"href":"https:\/\/b2b-armangroup.com\/fr\/wp-json\/wp\/v2\/product\/7395\/revisions\/13689"}],"wp:featuredmedia":[{"embeddable":true,"href":"https:\/\/b2b-armangroup.com\/fr\/wp-json\/wp\/v2\/media\/14801"}],"wp:attachment":[{"href":"https:\/\/b2b-armangroup.com\/fr\/wp-json\/wp\/v2\/media?parent=7395"}],"wp:term":[{"taxonomy":"product_brand","embeddable":true,"href":"https:\/\/b2b-armangroup.com\/fr\/wp-json\/wp\/v2\/product_brand?post=7395"},{"taxonomy":"product_cat","embeddable":true,"href":"https:\/\/b2b-armangroup.com\/fr\/wp-json\/wp\/v2\/product_cat?post=7395"},{"taxonomy":"product_tag","embeddable":true,"href":"https:\/\/b2b-armangroup.com\/fr\/wp-json\/wp\/v2\/product_tag?post=7395"}],"curies":[{"name":"wp","href":"https:\/\/api.w.org\/{rel}","templated":true}]}}