{"id":7462,"date":"2025-03-16T15:36:35","date_gmt":"2025-03-16T11:36:35","guid":{"rendered":"https:\/\/b2b-armangroup.com\/product\/tatar-boraki-melograno-500g\/"},"modified":"2025-11-22T15:49:48","modified_gmt":"2025-11-22T11:49:48","slug":"tatar-boraki-melograno-500g","status":"publish","type":"product","link":"https:\/\/b2b-armangroup.com\/fr\/produit\/tatar-boraki-melograno-500g\/","title":{"rendered":"Tatar Boraki  Melograno 500g"},"content":{"rendered":"","protected":false},"excerpt":{"rendered":"<p class=\"p1\">P\u00e2tes arm\u00e9niennes traditionnelles en carr\u00e9s \u00ab Tatar Boraki \u00bb, pr\u00e9par\u00e9es avec de la semoule de bl\u00e9 dur. Id\u00e9ales pour les soupes et les plats copieux traditionnels. Poids net : 500g.<\/p>\n<p>1,95\u20ac per pack<\/p>","protected":false},"featured_media":14792,"comment_status":"open","ping_status":"closed","template":"","meta":{"_acf_changed":false},"product_brand":[],"product_cat":[174,207],"product_tag":[97],"class_list":{"0":"post-7462","1":"product","2":"type-product","3":"status-publish","4":"has-post-thumbnail","6":"product_cat-all-collections","7":"product_cat-pasta","8":"product_tag-pasta","10":"first","11":"instock","12":"shipping-taxable","13":"purchasable","14":"product-type-variable","15":"wvs-archive-product-wrapper"},"acf":[],"_links":{"self":[{"href":"https:\/\/b2b-armangroup.com\/fr\/wp-json\/wp\/v2\/product\/7462","targetHints":{"allow":["GET"]}}],"collection":[{"href":"https:\/\/b2b-armangroup.com\/fr\/wp-json\/wp\/v2\/product"}],"about":[{"href":"https:\/\/b2b-armangroup.com\/fr\/wp-json\/wp\/v2\/types\/product"}],"replies":[{"embeddable":true,"href":"https:\/\/b2b-armangroup.com\/fr\/wp-json\/wp\/v2\/comments?post=7462"}],"version-history":[{"count":3,"href":"https:\/\/b2b-armangroup.com\/fr\/wp-json\/wp\/v2\/product\/7462\/revisions"}],"predecessor-version":[{"id":13682,"href":"https:\/\/b2b-armangroup.com\/fr\/wp-json\/wp\/v2\/product\/7462\/revisions\/13682"}],"wp:featuredmedia":[{"embeddable":true,"href":"https:\/\/b2b-armangroup.com\/fr\/wp-json\/wp\/v2\/media\/14792"}],"wp:attachment":[{"href":"https:\/\/b2b-armangroup.com\/fr\/wp-json\/wp\/v2\/media?parent=7462"}],"wp:term":[{"taxonomy":"product_brand","embeddable":true,"href":"https:\/\/b2b-armangroup.com\/fr\/wp-json\/wp\/v2\/product_brand?post=7462"},{"taxonomy":"product_cat","embeddable":true,"href":"https:\/\/b2b-armangroup.com\/fr\/wp-json\/wp\/v2\/product_cat?post=7462"},{"taxonomy":"product_tag","embeddable":true,"href":"https:\/\/b2b-armangroup.com\/fr\/wp-json\/wp\/v2\/product_tag?post=7462"}],"curies":[{"name":"wp","href":"https:\/\/api.w.org\/{rel}","templated":true}]}}