{"id":7569,"date":"2025-03-16T15:36:41","date_gmt":"2025-03-16T11:36:41","guid":{"rendered":"https:\/\/b2b-armangroup.com\/product\/tomatoes-and-cucumbers-marinated-avshar\/"},"modified":"2026-03-19T09:32:47","modified_gmt":"2026-03-19T05:32:47","slug":"tomatoes-and-cucumbers-marinated-avshar","status":"publish","type":"product","link":"https:\/\/b2b-armangroup.com\/fr\/produit\/tomatoes-and-cucumbers-marinated-avshar\/","title":{"rendered":"Avshar - Tomates et concombres marin\u00e9s - 1kg"},"content":{"rendered":"","protected":false},"excerpt":{"rendered":"<p class=\"p1\">Avshar Tomates et concombres marin\u00e9s 1 kg. Un m\u00e9lange \u00e9quilibr\u00e9 de tomates tendres et de concombres croquants, marin\u00e9s avec des herbes naturelles et des \u00e9pices pour une saveur arm\u00e9nienne authentique.<\/p>\n<p>2,80 \u20ac<\/p>","protected":false},"featured_media":16210,"comment_status":"open","ping_status":"closed","template":"","meta":{"_acf_changed":false},"product_brand":[],"product_cat":[174,194,176,198],"product_tag":[77,78],"class_list":{"0":"post-7569","1":"product","2":"type-product","3":"status-publish","4":"has-post-thumbnail","6":"product_cat-all-collections","7":"product_cat-avshar","8":"product_cat-canned-goods","9":"product_cat-canned-vegetables-all-brands","10":"product_tag-avshar","11":"product_tag-78","13":"first","14":"instock","15":"shipping-taxable","16":"purchasable","17":"product-type-variable","18":"wvs-archive-product-wrapper"},"acf":[],"_links":{"self":[{"href":"https:\/\/b2b-armangroup.com\/fr\/wp-json\/wp\/v2\/product\/7569","targetHints":{"allow":["GET"]}}],"collection":[{"href":"https:\/\/b2b-armangroup.com\/fr\/wp-json\/wp\/v2\/product"}],"about":[{"href":"https:\/\/b2b-armangroup.com\/fr\/wp-json\/wp\/v2\/types\/product"}],"replies":[{"embeddable":true,"href":"https:\/\/b2b-armangroup.com\/fr\/wp-json\/wp\/v2\/comments?post=7569"}],"version-history":[{"count":6,"href":"https:\/\/b2b-armangroup.com\/fr\/wp-json\/wp\/v2\/product\/7569\/revisions"}],"predecessor-version":[{"id":13518,"href":"https:\/\/b2b-armangroup.com\/fr\/wp-json\/wp\/v2\/product\/7569\/revisions\/13518"}],"wp:featuredmedia":[{"embeddable":true,"href":"https:\/\/b2b-armangroup.com\/fr\/wp-json\/wp\/v2\/media\/16210"}],"wp:attachment":[{"href":"https:\/\/b2b-armangroup.com\/fr\/wp-json\/wp\/v2\/media?parent=7569"}],"wp:term":[{"taxonomy":"product_brand","embeddable":true,"href":"https:\/\/b2b-armangroup.com\/fr\/wp-json\/wp\/v2\/product_brand?post=7569"},{"taxonomy":"product_cat","embeddable":true,"href":"https:\/\/b2b-armangroup.com\/fr\/wp-json\/wp\/v2\/product_cat?post=7569"},{"taxonomy":"product_tag","embeddable":true,"href":"https:\/\/b2b-armangroup.com\/fr\/wp-json\/wp\/v2\/product_tag?post=7569"}],"curies":[{"name":"wp","href":"https:\/\/api.w.org\/{rel}","templated":true}]}}