{"id":7581,"date":"2025-03-16T15:36:41","date_gmt":"2025-03-16T11:36:41","guid":{"rendered":"https:\/\/b2b-armangroup.com\/product\/tomatoes-in-tomato-juice-vilfood-725g\/"},"modified":"2026-04-06T22:09:03","modified_gmt":"2026-04-06T18:09:03","slug":"tomatoes-in-tomato-juice-vilfood-725g","status":"publish","type":"product","link":"https:\/\/b2b-armangroup.com\/fr\/produit\/tomatoes-in-tomato-juice-vilfood-725g\/","title":{"rendered":"Vilfood \u2014 Tomates dans leur jus 725 g"},"content":{"rendered":"","protected":false},"excerpt":{"rendered":"<p class=\"p1\">Vilfood Tomates dans leur jus 725 g. Tomates enti\u00e8res bien m\u00fbres, conserv\u00e9es dans un jus de tomate naturel et savoureux. Cultiv\u00e9es et pr\u00e9par\u00e9es en Arm\u00e9nie, elles conservent toute leur authenticit\u00e9 \u2014 parfaites pour salades, sauces ou plats traditionnels.<\/p>\n<p>2,50 \u20ac<\/p>","protected":false},"featured_media":16487,"comment_status":"open","ping_status":"closed","template":"","meta":{"_acf_changed":false},"product_brand":[],"product_cat":[174,176,198,212],"product_tag":[78],"class_list":{"0":"post-7581","1":"product","2":"type-product","3":"status-publish","4":"has-post-thumbnail","6":"product_cat-all-collections","7":"product_cat-canned-goods","8":"product_cat-canned-vegetables-all-brands","9":"product_cat-vilfood","10":"product_tag-78","12":"first","13":"outofstock","14":"shipping-taxable","15":"product-type-simple"},"acf":[],"_links":{"self":[{"href":"https:\/\/b2b-armangroup.com\/fr\/wp-json\/wp\/v2\/product\/7581","targetHints":{"allow":["GET"]}}],"collection":[{"href":"https:\/\/b2b-armangroup.com\/fr\/wp-json\/wp\/v2\/product"}],"about":[{"href":"https:\/\/b2b-armangroup.com\/fr\/wp-json\/wp\/v2\/types\/product"}],"replies":[{"embeddable":true,"href":"https:\/\/b2b-armangroup.com\/fr\/wp-json\/wp\/v2\/comments?post=7581"}],"version-history":[{"count":5,"href":"https:\/\/b2b-armangroup.com\/fr\/wp-json\/wp\/v2\/product\/7581\/revisions"}],"predecessor-version":[{"id":13603,"href":"https:\/\/b2b-armangroup.com\/fr\/wp-json\/wp\/v2\/product\/7581\/revisions\/13603"}],"wp:featuredmedia":[{"embeddable":true,"href":"https:\/\/b2b-armangroup.com\/fr\/wp-json\/wp\/v2\/media\/16487"}],"wp:attachment":[{"href":"https:\/\/b2b-armangroup.com\/fr\/wp-json\/wp\/v2\/media?parent=7581"}],"wp:term":[{"taxonomy":"product_brand","embeddable":true,"href":"https:\/\/b2b-armangroup.com\/fr\/wp-json\/wp\/v2\/product_brand?post=7581"},{"taxonomy":"product_cat","embeddable":true,"href":"https:\/\/b2b-armangroup.com\/fr\/wp-json\/wp\/v2\/product_cat?post=7581"},{"taxonomy":"product_tag","embeddable":true,"href":"https:\/\/b2b-armangroup.com\/fr\/wp-json\/wp\/v2\/product_tag?post=7581"}],"curies":[{"name":"wp","href":"https:\/\/api.w.org\/{rel}","templated":true}]}}