{"id":7727,"date":"2025-03-16T15:36:51","date_gmt":"2025-03-16T11:36:51","guid":{"rendered":"https:\/\/b2b-armangroup.com\/product\/vegetable-mix-avshar-720g\/"},"modified":"2026-03-20T00:36:28","modified_gmt":"2026-03-19T20:36:28","slug":"vegetable-mix-avshar-720g","status":"publish","type":"product","link":"https:\/\/b2b-armangroup.com\/fr\/produit\/vegetable-mix-avshar-720g\/","title":{"rendered":"Ajika Avshar 530g"},"content":{"rendered":"","protected":false},"excerpt":{"rendered":"<p class=\"p1\">Avshar Ajika (Sauce de l\u00e9gumes) 530 g. Sauce \u00e9pic\u00e9e traditionnelle pr\u00e9par\u00e9e \u00e0 base de poivrons rouges, d\u2019ail et de l\u00e9gumes frais. Parfaite avec des viandes grill\u00e9es, du pain ou en accompagnement.<\/p>\n<p class=\"p2\"><b>Bo\u00eete de 8 bocaux.<\/b><\/p>\n<p>2.95 \u20ac<\/p>","protected":false},"featured_media":16244,"comment_status":"open","ping_status":"closed","template":"","meta":{"_acf_changed":false},"product_brand":[],"product_cat":[194,176,198],"product_tag":[77,78],"class_list":{"0":"post-7727","1":"product","2":"type-product","3":"status-publish","4":"has-post-thumbnail","6":"product_cat-avshar","7":"product_cat-canned-goods","8":"product_cat-canned-vegetables-all-brands","9":"product_tag-avshar","10":"product_tag-78","12":"first","13":"instock","14":"shipping-taxable","15":"purchasable","16":"product-type-variable","17":"wvs-archive-product-wrapper"},"acf":[],"_links":{"self":[{"href":"https:\/\/b2b-armangroup.com\/fr\/wp-json\/wp\/v2\/product\/7727","targetHints":{"allow":["GET"]}}],"collection":[{"href":"https:\/\/b2b-armangroup.com\/fr\/wp-json\/wp\/v2\/product"}],"about":[{"href":"https:\/\/b2b-armangroup.com\/fr\/wp-json\/wp\/v2\/types\/product"}],"replies":[{"embeddable":true,"href":"https:\/\/b2b-armangroup.com\/fr\/wp-json\/wp\/v2\/comments?post=7727"}],"version-history":[{"count":6,"href":"https:\/\/b2b-armangroup.com\/fr\/wp-json\/wp\/v2\/product\/7727\/revisions"}],"predecessor-version":[{"id":13511,"href":"https:\/\/b2b-armangroup.com\/fr\/wp-json\/wp\/v2\/product\/7727\/revisions\/13511"}],"wp:featuredmedia":[{"embeddable":true,"href":"https:\/\/b2b-armangroup.com\/fr\/wp-json\/wp\/v2\/media\/16244"}],"wp:attachment":[{"href":"https:\/\/b2b-armangroup.com\/fr\/wp-json\/wp\/v2\/media?parent=7727"}],"wp:term":[{"taxonomy":"product_brand","embeddable":true,"href":"https:\/\/b2b-armangroup.com\/fr\/wp-json\/wp\/v2\/product_brand?post=7727"},{"taxonomy":"product_cat","embeddable":true,"href":"https:\/\/b2b-armangroup.com\/fr\/wp-json\/wp\/v2\/product_cat?post=7727"},{"taxonomy":"product_tag","embeddable":true,"href":"https:\/\/b2b-armangroup.com\/fr\/wp-json\/wp\/v2\/product_tag?post=7727"}],"curies":[{"name":"wp","href":"https:\/\/api.w.org\/{rel}","templated":true}]}}