{"id":7738,"date":"2025-03-16T15:36:51","date_gmt":"2025-03-16T11:36:51","guid":{"rendered":"https:\/\/b2b-armangroup.com\/product\/vegetable-mix-hot-avshar-720g\/"},"modified":"2026-03-20T00:28:38","modified_gmt":"2026-03-19T20:28:38","slug":"vegetable-mix-hot-avshar-720g","status":"publish","type":"product","link":"https:\/\/b2b-armangroup.com\/fr\/produit\/vegetable-mix-hot-avshar-720g\/","title":{"rendered":"Ajika piquant Avshar 530g"},"content":{"rendered":"","protected":false},"excerpt":{"rendered":"<p class=\"p1\">Avshar Ajika (Sauce de l\u00e9gumes piquante) 530 g. Sauce arm\u00e9nienne relev\u00e9e et parfum\u00e9e, \u00e0 base de poivrons rouges, d\u2019ail et d\u2019herbes. Id\u00e9ale pour les viandes grill\u00e9es, les sandwichs ou en trempette \u00e9pic\u00e9e.<\/p>\n<p class=\"p2\"><b>Bo\u00eete de 8 bocaux.<\/b><\/p>\n<p>2.95 \u20ac<\/p>","protected":false},"featured_media":16241,"comment_status":"open","ping_status":"closed","template":"","meta":{"_acf_changed":false},"product_brand":[],"product_cat":[194,176,198],"product_tag":[77,78],"class_list":{"0":"post-7738","1":"product","2":"type-product","3":"status-publish","4":"has-post-thumbnail","6":"product_cat-avshar","7":"product_cat-canned-goods","8":"product_cat-canned-vegetables-all-brands","9":"product_tag-avshar","10":"product_tag-78","12":"first","13":"outofstock","14":"shipping-taxable","15":"product-type-variable","16":"wvs-archive-product-wrapper"},"acf":[],"_links":{"self":[{"href":"https:\/\/b2b-armangroup.com\/fr\/wp-json\/wp\/v2\/product\/7738","targetHints":{"allow":["GET"]}}],"collection":[{"href":"https:\/\/b2b-armangroup.com\/fr\/wp-json\/wp\/v2\/product"}],"about":[{"href":"https:\/\/b2b-armangroup.com\/fr\/wp-json\/wp\/v2\/types\/product"}],"replies":[{"embeddable":true,"href":"https:\/\/b2b-armangroup.com\/fr\/wp-json\/wp\/v2\/comments?post=7738"}],"version-history":[{"count":6,"href":"https:\/\/b2b-armangroup.com\/fr\/wp-json\/wp\/v2\/product\/7738\/revisions"}],"predecessor-version":[{"id":13516,"href":"https:\/\/b2b-armangroup.com\/fr\/wp-json\/wp\/v2\/product\/7738\/revisions\/13516"}],"wp:featuredmedia":[{"embeddable":true,"href":"https:\/\/b2b-armangroup.com\/fr\/wp-json\/wp\/v2\/media\/16241"}],"wp:attachment":[{"href":"https:\/\/b2b-armangroup.com\/fr\/wp-json\/wp\/v2\/media?parent=7738"}],"wp:term":[{"taxonomy":"product_brand","embeddable":true,"href":"https:\/\/b2b-armangroup.com\/fr\/wp-json\/wp\/v2\/product_brand?post=7738"},{"taxonomy":"product_cat","embeddable":true,"href":"https:\/\/b2b-armangroup.com\/fr\/wp-json\/wp\/v2\/product_cat?post=7738"},{"taxonomy":"product_tag","embeddable":true,"href":"https:\/\/b2b-armangroup.com\/fr\/wp-json\/wp\/v2\/product_tag?post=7738"}],"curies":[{"name":"wp","href":"https:\/\/api.w.org\/{rel}","templated":true}]}}