{"id":7748,"date":"2025-03-16T15:36:51","date_gmt":"2025-03-16T11:36:51","guid":{"rendered":"https:\/\/b2b-armangroup.com\/product\/viennese-honey-cake-marlenka-800g\/"},"modified":"2025-10-12T13:33:59","modified_gmt":"2025-10-12T09:33:59","slug":"viennese-honey-cake-marlenka-800g","status":"publish","type":"product","link":"https:\/\/b2b-armangroup.com\/fr\/produit\/viennese-honey-cake-marlenka-800g\/","title":{"rendered":"Marlenka \u2014 G\u00e2teau au miel viennois 800 g"},"content":{"rendered":"","protected":false},"excerpt":{"rendered":"<p class=\"p1\">Marlenka G\u00e2teau au miel viennois 800 g. G\u00e2teau au miel \u00e0 plusieurs couches, recouvert d\u2019un gla\u00e7age au chocolat onctueux, inspir\u00e9 du dessert viennois traditionnel. Saveur riche de miel et de cacao pour un go\u00fbt raffin\u00e9 et gourmand. Format : 800 g.<\/p>\n<p>9,68 \u20ac<\/p>","protected":false},"featured_media":13326,"comment_status":"open","ping_status":"closed","template":"","meta":{"_acf_changed":false},"product_brand":[],"product_cat":[185,218],"product_tag":[91],"class_list":{"0":"post-7748","1":"product","2":"type-product","3":"status-publish","4":"has-post-thumbnail","6":"product_cat-marlenka","7":"product_cat-sweets","8":"product_tag-91","10":"first","11":"instock","12":"shipping-taxable","13":"purchasable","14":"product-type-variable","15":"wvs-archive-product-wrapper"},"acf":[],"_links":{"self":[{"href":"https:\/\/b2b-armangroup.com\/fr\/wp-json\/wp\/v2\/product\/7748","targetHints":{"allow":["GET"]}}],"collection":[{"href":"https:\/\/b2b-armangroup.com\/fr\/wp-json\/wp\/v2\/product"}],"about":[{"href":"https:\/\/b2b-armangroup.com\/fr\/wp-json\/wp\/v2\/types\/product"}],"replies":[{"embeddable":true,"href":"https:\/\/b2b-armangroup.com\/fr\/wp-json\/wp\/v2\/comments?post=7748"}],"version-history":[{"count":3,"href":"https:\/\/b2b-armangroup.com\/fr\/wp-json\/wp\/v2\/product\/7748\/revisions"}],"predecessor-version":[{"id":13325,"href":"https:\/\/b2b-armangroup.com\/fr\/wp-json\/wp\/v2\/product\/7748\/revisions\/13325"}],"wp:featuredmedia":[{"embeddable":true,"href":"https:\/\/b2b-armangroup.com\/fr\/wp-json\/wp\/v2\/media\/13326"}],"wp:attachment":[{"href":"https:\/\/b2b-armangroup.com\/fr\/wp-json\/wp\/v2\/media?parent=7748"}],"wp:term":[{"taxonomy":"product_brand","embeddable":true,"href":"https:\/\/b2b-armangroup.com\/fr\/wp-json\/wp\/v2\/product_brand?post=7748"},{"taxonomy":"product_cat","embeddable":true,"href":"https:\/\/b2b-armangroup.com\/fr\/wp-json\/wp\/v2\/product_cat?post=7748"},{"taxonomy":"product_tag","embeddable":true,"href":"https:\/\/b2b-armangroup.com\/fr\/wp-json\/wp\/v2\/product_tag?post=7748"}],"curies":[{"name":"wp","href":"https:\/\/api.w.org\/{rel}","templated":true}]}}