{"id":7936,"date":"2025-03-16T15:37:01","date_gmt":"2025-03-16T11:37:01","guid":{"rendered":"https:\/\/b2b-armangroup.com\/product\/vodka-ohanyan-ice-0-5l\/"},"modified":"2026-03-19T16:37:51","modified_gmt":"2026-03-19T12:37:51","slug":"vodka-ohanyan-ice-0-5l","status":"publish","type":"product","link":"https:\/\/b2b-armangroup.com\/fr\/produit\/vodka-ohanyan-ice-0-5l\/","title":{"rendered":"Vodka Ohanyan Ice \u2013 40% \u2013 0,5L"},"content":{"rendered":"","protected":false},"excerpt":{"rendered":"<p class=\"p1\">La Vodka Ohanyan Ice est une vodka arm\u00e9nienne premium \u00e0 40% d\u2019alcool, reconnue pour son go\u00fbt net et doux. Son caract\u00e8re raffin\u00e9 la rend id\u00e9ale pure, bien fra\u00eeche ou en cocktails.<\/p>\n<p>15\u20ac la bouteille<\/p>","protected":false},"featured_media":15943,"comment_status":"open","ping_status":"closed","template":"","meta":{"_acf_changed":false},"product_brand":[],"product_cat":[174,213],"product_tag":[80,81],"class_list":{"0":"post-7936","1":"product","2":"type-product","3":"status-publish","4":"has-post-thumbnail","6":"product_cat-all-collections","7":"product_cat-vodka","8":"product_tag-80","9":"product_tag-81","11":"first","12":"instock","13":"shipping-taxable","14":"purchasable","15":"product-type-variable","16":"wvs-archive-product-wrapper"},"acf":[],"_links":{"self":[{"href":"https:\/\/b2b-armangroup.com\/fr\/wp-json\/wp\/v2\/product\/7936","targetHints":{"allow":["GET"]}}],"collection":[{"href":"https:\/\/b2b-armangroup.com\/fr\/wp-json\/wp\/v2\/product"}],"about":[{"href":"https:\/\/b2b-armangroup.com\/fr\/wp-json\/wp\/v2\/types\/product"}],"replies":[{"embeddable":true,"href":"https:\/\/b2b-armangroup.com\/fr\/wp-json\/wp\/v2\/comments?post=7936"}],"version-history":[{"count":7,"href":"https:\/\/b2b-armangroup.com\/fr\/wp-json\/wp\/v2\/product\/7936\/revisions"}],"predecessor-version":[{"id":16223,"href":"https:\/\/b2b-armangroup.com\/fr\/wp-json\/wp\/v2\/product\/7936\/revisions\/16223"}],"wp:featuredmedia":[{"embeddable":true,"href":"https:\/\/b2b-armangroup.com\/fr\/wp-json\/wp\/v2\/media\/15943"}],"wp:attachment":[{"href":"https:\/\/b2b-armangroup.com\/fr\/wp-json\/wp\/v2\/media?parent=7936"}],"wp:term":[{"taxonomy":"product_brand","embeddable":true,"href":"https:\/\/b2b-armangroup.com\/fr\/wp-json\/wp\/v2\/product_brand?post=7936"},{"taxonomy":"product_cat","embeddable":true,"href":"https:\/\/b2b-armangroup.com\/fr\/wp-json\/wp\/v2\/product_cat?post=7936"},{"taxonomy":"product_tag","embeddable":true,"href":"https:\/\/b2b-armangroup.com\/fr\/wp-json\/wp\/v2\/product_tag?post=7936"}],"curies":[{"name":"wp","href":"https:\/\/api.w.org\/{rel}","templated":true}]}}