{"id":7947,"date":"2025-03-16T15:37:03","date_gmt":"2025-03-16T11:37:03","guid":{"rendered":"https:\/\/b2b-armangroup.com\/product\/vodka-ohanyan-ice-40-0-7l\/"},"modified":"2026-02-20T15:25:24","modified_gmt":"2026-02-20T11:25:24","slug":"vodka-ohanyan-ice-40-0-7l","status":"publish","type":"product","link":"https:\/\/b2b-armangroup.com\/fr\/produit\/vodka-ohanyan-ice-40-0-7l\/","title":{"rendered":"Vodka Ohanyan Ice \u2013 40% \u2013 0,7L"},"content":{"rendered":"","protected":false},"excerpt":{"rendered":"<p class=\"p1\">L'eau OHANYAN ICE est parfaite pour que les m\u00eames techniciens puissent utiliser leur eau. Tous les ingr\u00e9dients pr\u00e9sents dans la cuisine, y compris l'eau des boissons gazeuses et l'esprit traditionnel de la profession, cr\u00e9ent un grand nombre de produits. filtration.<\/p>\n<p>19,50 \u20ac per bottle<\/p>","protected":false},"featured_media":14699,"comment_status":"open","ping_status":"closed","template":"","meta":{"_acf_changed":false},"product_brand":[],"product_cat":[213],"product_tag":[81],"class_list":{"0":"post-7947","1":"product","2":"type-product","3":"status-publish","4":"has-post-thumbnail","6":"product_cat-vodka","7":"product_tag-81","9":"first","10":"instock","11":"shipping-taxable","12":"purchasable","13":"product-type-variable","14":"wvs-archive-product-wrapper"},"acf":[],"_links":{"self":[{"href":"https:\/\/b2b-armangroup.com\/fr\/wp-json\/wp\/v2\/product\/7947","targetHints":{"allow":["GET"]}}],"collection":[{"href":"https:\/\/b2b-armangroup.com\/fr\/wp-json\/wp\/v2\/product"}],"about":[{"href":"https:\/\/b2b-armangroup.com\/fr\/wp-json\/wp\/v2\/types\/product"}],"replies":[{"embeddable":true,"href":"https:\/\/b2b-armangroup.com\/fr\/wp-json\/wp\/v2\/comments?post=7947"}],"version-history":[{"count":6,"href":"https:\/\/b2b-armangroup.com\/fr\/wp-json\/wp\/v2\/product\/7947\/revisions"}],"predecessor-version":[{"id":15490,"href":"https:\/\/b2b-armangroup.com\/fr\/wp-json\/wp\/v2\/product\/7947\/revisions\/15490"}],"wp:featuredmedia":[{"embeddable":true,"href":"https:\/\/b2b-armangroup.com\/fr\/wp-json\/wp\/v2\/media\/14699"}],"wp:attachment":[{"href":"https:\/\/b2b-armangroup.com\/fr\/wp-json\/wp\/v2\/media?parent=7947"}],"wp:term":[{"taxonomy":"product_brand","embeddable":true,"href":"https:\/\/b2b-armangroup.com\/fr\/wp-json\/wp\/v2\/product_brand?post=7947"},{"taxonomy":"product_cat","embeddable":true,"href":"https:\/\/b2b-armangroup.com\/fr\/wp-json\/wp\/v2\/product_cat?post=7947"},{"taxonomy":"product_tag","embeddable":true,"href":"https:\/\/b2b-armangroup.com\/fr\/wp-json\/wp\/v2\/product_tag?post=7947"}],"curies":[{"name":"wp","href":"https:\/\/api.w.org\/{rel}","templated":true}]}}