{"id":8003,"date":"2025-03-16T15:37:06","date_gmt":"2025-03-16T11:37:06","guid":{"rendered":"https:\/\/b2b-armangroup.com\/product\/wafer-with-chocolate-and-milk-flavor-300-gr\/"},"modified":"2025-11-22T16:14:19","modified_gmt":"2025-11-22T12:14:19","slug":"wafer-with-chocolate-and-milk-flavor-300-gr","status":"publish","type":"product","link":"https:\/\/b2b-armangroup.com\/fr\/produit\/wafer-with-chocolate-and-milk-flavor-300-gr\/","title":{"rendered":"Daroink \u2014 Gaufrettes au chocolat et au lait 300 g"},"content":{"rendered":"","protected":false},"excerpt":{"rendered":"<p class=\"p1\">Daroink Gaufrettes au chocolat et au lait 300 g. Gaufrettes croustillantes garnies d\u2019une cr\u00e8me onctueuse au chocolat et au lait. Un plaisir gourmand pour tous les \u00e2ges, parfait avec le th\u00e9, le caf\u00e9 ou en en-cas. Format : 300 g.<\/p>\n<p>1,10\u20ac per pack<\/p>","protected":false},"featured_media":14827,"comment_status":"open","ping_status":"closed","template":"","meta":{"_acf_changed":false},"product_brand":[],"product_cat":[174,201,186,218,239],"product_tag":[83],"class_list":{"0":"post-8003","1":"product","2":"type-product","3":"status-publish","4":"has-post-thumbnail","6":"product_cat-all-collections","7":"product_cat-daroink","8":"product_cat-sales","9":"product_cat-sweets","10":"product_cat-wafer","11":"product_tag-83","13":"first","14":"instock","15":"shipping-taxable","16":"purchasable","17":"product-type-variable","18":"wvs-archive-product-wrapper"},"acf":[],"_links":{"self":[{"href":"https:\/\/b2b-armangroup.com\/fr\/wp-json\/wp\/v2\/product\/8003","targetHints":{"allow":["GET"]}}],"collection":[{"href":"https:\/\/b2b-armangroup.com\/fr\/wp-json\/wp\/v2\/product"}],"about":[{"href":"https:\/\/b2b-armangroup.com\/fr\/wp-json\/wp\/v2\/types\/product"}],"replies":[{"embeddable":true,"href":"https:\/\/b2b-armangroup.com\/fr\/wp-json\/wp\/v2\/comments?post=8003"}],"version-history":[{"count":4,"href":"https:\/\/b2b-armangroup.com\/fr\/wp-json\/wp\/v2\/product\/8003\/revisions"}],"predecessor-version":[{"id":13751,"href":"https:\/\/b2b-armangroup.com\/fr\/wp-json\/wp\/v2\/product\/8003\/revisions\/13751"}],"wp:featuredmedia":[{"embeddable":true,"href":"https:\/\/b2b-armangroup.com\/fr\/wp-json\/wp\/v2\/media\/14827"}],"wp:attachment":[{"href":"https:\/\/b2b-armangroup.com\/fr\/wp-json\/wp\/v2\/media?parent=8003"}],"wp:term":[{"taxonomy":"product_brand","embeddable":true,"href":"https:\/\/b2b-armangroup.com\/fr\/wp-json\/wp\/v2\/product_brand?post=8003"},{"taxonomy":"product_cat","embeddable":true,"href":"https:\/\/b2b-armangroup.com\/fr\/wp-json\/wp\/v2\/product_cat?post=8003"},{"taxonomy":"product_tag","embeddable":true,"href":"https:\/\/b2b-armangroup.com\/fr\/wp-json\/wp\/v2\/product_tag?post=8003"}],"curies":[{"name":"wp","href":"https:\/\/api.w.org\/{rel}","templated":true}]}}