{"id":8012,"date":"2025-03-16T15:37:07","date_gmt":"2025-03-16T11:37:07","guid":{"rendered":"https:\/\/b2b-armangroup.com\/product\/wafer-with-milk-flavor-300-gr\/"},"modified":"2025-11-22T16:13:44","modified_gmt":"2025-11-22T12:13:44","slug":"wafer-with-milk-flavor-300-gr","status":"publish","type":"product","link":"https:\/\/b2b-armangroup.com\/fr\/produit\/wafer-with-milk-flavor-300-gr\/","title":{"rendered":"Daroink \u2014 Gaufrettes au lait 300 g"},"content":{"rendered":"","protected":false},"excerpt":{"rendered":"<p class=\"p1\">Daroink Gaufrettes au lait 300 g. Gaufrettes l\u00e9g\u00e8res et croustillantes, garnies d\u2019une cr\u00e8me douce au lait. Une douceur raffin\u00e9e, parfaite avec le th\u00e9, le caf\u00e9 ou simplement \u00e0 savourer seule. Format : 300 g.<\/p>\n<p>1,15 \u20ac per pack<\/p>","protected":false},"featured_media":14824,"comment_status":"open","ping_status":"closed","template":"","meta":{"_acf_changed":false},"product_brand":[],"product_cat":[186,218,239],"product_tag":[83],"class_list":{"0":"post-8012","1":"product","2":"type-product","3":"status-publish","4":"has-post-thumbnail","6":"product_cat-sales","7":"product_cat-sweets","8":"product_cat-wafer","9":"product_tag-83","11":"first","12":"outofstock","13":"shipping-taxable","14":"purchasable","15":"product-type-variable","16":"wvs-archive-product-wrapper"},"acf":[],"_links":{"self":[{"href":"https:\/\/b2b-armangroup.com\/fr\/wp-json\/wp\/v2\/product\/8012","targetHints":{"allow":["GET"]}}],"collection":[{"href":"https:\/\/b2b-armangroup.com\/fr\/wp-json\/wp\/v2\/product"}],"about":[{"href":"https:\/\/b2b-armangroup.com\/fr\/wp-json\/wp\/v2\/types\/product"}],"replies":[{"embeddable":true,"href":"https:\/\/b2b-armangroup.com\/fr\/wp-json\/wp\/v2\/comments?post=8012"}],"version-history":[{"count":5,"href":"https:\/\/b2b-armangroup.com\/fr\/wp-json\/wp\/v2\/product\/8012\/revisions"}],"predecessor-version":[{"id":13303,"href":"https:\/\/b2b-armangroup.com\/fr\/wp-json\/wp\/v2\/product\/8012\/revisions\/13303"}],"wp:featuredmedia":[{"embeddable":true,"href":"https:\/\/b2b-armangroup.com\/fr\/wp-json\/wp\/v2\/media\/14824"}],"wp:attachment":[{"href":"https:\/\/b2b-armangroup.com\/fr\/wp-json\/wp\/v2\/media?parent=8012"}],"wp:term":[{"taxonomy":"product_brand","embeddable":true,"href":"https:\/\/b2b-armangroup.com\/fr\/wp-json\/wp\/v2\/product_brand?post=8012"},{"taxonomy":"product_cat","embeddable":true,"href":"https:\/\/b2b-armangroup.com\/fr\/wp-json\/wp\/v2\/product_cat?post=8012"},{"taxonomy":"product_tag","embeddable":true,"href":"https:\/\/b2b-armangroup.com\/fr\/wp-json\/wp\/v2\/product_tag?post=8012"}],"curies":[{"name":"wp","href":"https:\/\/api.w.org\/{rel}","templated":true}]}}