{"id":8157,"date":"2025-03-16T15:37:14","date_gmt":"2025-03-16T11:37:14","guid":{"rendered":"https:\/\/b2b-armangroup.com\/product\/wheat-dzavar-ambar-0-9-kg\/"},"modified":"2026-03-12T12:42:30","modified_gmt":"2026-03-12T08:42:30","slug":"wheat-dzavar-ambar-0-9-kg","status":"publish","type":"product","link":"https:\/\/b2b-armangroup.com\/fr\/produit\/wheat-dzavar-ambar-0-9-kg\/","title":{"rendered":"Bl\u00e9 (Dzavar) Ambar 0,9 kg"},"content":{"rendered":"","protected":false},"excerpt":{"rendered":"<p class=\"p1\">Traditional Armenian <i>Dzavar<\/i> wheat, carefully processed and packaged by <span class=\"s1\"><b>Ambar<\/b><\/span>Bl\u00e9 arm\u00e9nien traditionnel Dzavar, soigneusement pr\u00e9par\u00e9 et emball\u00e9 par Ambar. Riche en nutriments, fibres et min\u00e9raux. Id\u00e9al pour les pilafs, soupes, rago\u00fbts ou comme base pour les plats traditionnels arm\u00e9niens. Format : 0,9 kg.<\/p>\n<p>1,80\u20ac<\/p>","protected":false},"featured_media":14609,"comment_status":"open","ping_status":"closed","template":"","meta":{"_acf_changed":false},"product_brand":[],"product_cat":[174,184],"product_tag":[169,102],"class_list":{"0":"post-8157","1":"product","2":"type-product","3":"status-publish","4":"has-post-thumbnail","6":"product_cat-all-collections","7":"product_cat-grains","8":"product_tag-169","9":"product_tag-102","11":"first","12":"instock","13":"shipping-taxable","14":"purchasable","15":"product-type-variable","16":"wvs-archive-product-wrapper"},"acf":[],"_links":{"self":[{"href":"https:\/\/b2b-armangroup.com\/fr\/wp-json\/wp\/v2\/product\/8157","targetHints":{"allow":["GET"]}}],"collection":[{"href":"https:\/\/b2b-armangroup.com\/fr\/wp-json\/wp\/v2\/product"}],"about":[{"href":"https:\/\/b2b-armangroup.com\/fr\/wp-json\/wp\/v2\/types\/product"}],"replies":[{"embeddable":true,"href":"https:\/\/b2b-armangroup.com\/fr\/wp-json\/wp\/v2\/comments?post=8157"}],"version-history":[{"count":5,"href":"https:\/\/b2b-armangroup.com\/fr\/wp-json\/wp\/v2\/product\/8157\/revisions"}],"predecessor-version":[{"id":14736,"href":"https:\/\/b2b-armangroup.com\/fr\/wp-json\/wp\/v2\/product\/8157\/revisions\/14736"}],"wp:featuredmedia":[{"embeddable":true,"href":"https:\/\/b2b-armangroup.com\/fr\/wp-json\/wp\/v2\/media\/14609"}],"wp:attachment":[{"href":"https:\/\/b2b-armangroup.com\/fr\/wp-json\/wp\/v2\/media?parent=8157"}],"wp:term":[{"taxonomy":"product_brand","embeddable":true,"href":"https:\/\/b2b-armangroup.com\/fr\/wp-json\/wp\/v2\/product_brand?post=8157"},{"taxonomy":"product_cat","embeddable":true,"href":"https:\/\/b2b-armangroup.com\/fr\/wp-json\/wp\/v2\/product_cat?post=8157"},{"taxonomy":"product_tag","embeddable":true,"href":"https:\/\/b2b-armangroup.com\/fr\/wp-json\/wp\/v2\/product_tag?post=8157"}],"curies":[{"name":"wp","href":"https:\/\/api.w.org\/{rel}","templated":true}]}}